{"id":19,"date":"2015-04-22T09:38:38","date_gmt":"2015-04-22T09:38:38","guid":{"rendered":"http:\/\/demo.shufflehound.com\/maskitto-light-green\/?page_id=18"},"modified":"2018-10-11T09:43:41","modified_gmt":"2018-10-11T09:43:41","slug":"home","status":"publish","type":"page","link":"https:\/\/saraswatiyoga.es\/","title":{"rendered":"Home"},"content":{"rendered":"<div id=\"pl-19\"><div class=\"panel-grid\" id=\"pg-19-0\" ><div class=\"panel-grid-cell\" id=\"pgc-19-0-0\" >\r\n                    <style type=\"text\/css\">\r\n\r\n                \/* Custom slideshow height *\/\r\n                @media (min-width: 1070px) {\r\n\r\n                    #wrapper .page-slideshow {\r\n                        height: 433px;\r\n                        max-height: 433px;\r\n                    }\r\n\r\n                }\r\n\r\n            <\/style>\r\n        \r\n\r\n        <div class=\"page-slideshow widget-slider-all\">\r\n            <i class=\"fa fa-circle-o-notch fa-spin\"><\/i>\r\n            <div class=\"slideshow\">\r\n                                    <div class=\"slideshow-slide remove-shadow\" style=\"background-image: url(http:\/\/saraswatiyoga.es\/wp-content\/uploads\/2015\/04\/yogacorunainicio1.jpg);\">\r\n                        <div class=\"slide-patern\">\r\n                            <div class=\"container\">\r\n                                <div class=\"slide-details\">\r\n                                    <div><\/div>\r\n                                \r\n                                    \r\n                                    <div class=\"slide-title\">Escuela de Yoga Saraswati<\/div>\r\n                                    <div><\/div>\r\n                                                                            <div class=\"slide-info\">- HATHA YOGA - YOGATERAPIA - VINYASA FLOW - AEROYOGA -<\/div>\r\n                                                                                                                <div class=\"slide-button\">\r\n                                                                                            <a href=\"https:\/\/saraswatiyoga.es\/?page_id=165\" class=\"btn btn-danger\">\r\n                                                                                                            <i class=\"fa fa-paper-plane\"><\/i>\r\n                                                                                                        CON\u00d3CENOS                                                <\/a>\r\n                                            \r\n                                                                                            <a href=\"https:\/\/saraswatiyoga.es\/?page_id=202\" class=\"btn btn-white\">\r\n                                                                                                            <i class=\"fa fa-folder\"><\/i>\r\n                                                                                                        ACTIVIDADES                                                <\/a>\r\n                                                                                    <\/div>\r\n                                                                    <\/div>\r\n                            <\/div>\r\n                        <\/div>\r\n                    <\/div>\r\n                                    <div class=\"slideshow-slide\" style=\"background-image: url(https:\/\/saraswatiyoga.es\/wp-content\/uploads\/2015\/09\/inicio2.jpg);\">\r\n                        <div class=\"slide-patern\">\r\n                            <div class=\"container\">\r\n                                <div class=\"slide-details\">\r\n                                    <div><\/div>\r\n                                \r\n                                    \r\n                                    <div class=\"slide-title\">Escuela de Yoga Saraswati<\/div>\r\n                                    <div><\/div>\r\n                                                                            <div class=\"slide-info\">- HATHA YOGA - YOGATERAPIA - VINYASA FLOW - AEROYOGA -<\/div>\r\n                                                                                                                <div class=\"slide-button\">\r\n                                            \r\n                                                                                            <a href=\"https:\/\/saraswatiyoga.es\/?page_id=222\" class=\"btn btn-white\">\r\n                                                                                                            <i class=\"fa fa-paper-plane\"><\/i>\r\n                                                                                                        VER HORARIOS                                                <\/a>\r\n                                                                                    <\/div>\r\n                                                                    <\/div>\r\n                            <\/div>\r\n                        <\/div>\r\n                    <\/div>\r\n                                    <div class=\"slideshow-slide\" style=\"background-image: url(http:\/\/saraswatiyoga.es\/wp-content\/uploads\/2015\/04\/inicio3.jpg);\">\r\n                        <div class=\"slide-patern\">\r\n                            <div class=\"container\">\r\n                                <div class=\"slide-details\">\r\n                                    <div><\/div>\r\n                                \r\n                                    \r\n                                    <div class=\"slide-title\">Escuela de Yoga Saraswati<\/div>\r\n                                    <div><\/div>\r\n                                                                            <div class=\"slide-info\">- HATHA YOGA - YOGATERAPIA - VINYASA FLOW - AEROYOGA -<\/div>\r\n                                                                                                                <div class=\"slide-button\">\r\n                                            \r\n                                                                                            <a href=\"https:\/\/saraswatiyoga.es\/?page_id=222\" class=\"btn btn-white\">\r\n                                                                                                            <i class=\"fa fa-paper-plane\"><\/i>\r\n                                                                                                        VER HORARIOS                                                <\/a>\r\n                                                                                    <\/div>\r\n                                                                    <\/div>\r\n                            <\/div>\r\n                        <\/div>\r\n                    <\/div>\r\n                            <\/div>\r\n        <\/div>\r\n\r\n\r\n    \t        <div id=\"page-id-32\" class=\"page-section\" style=\"background-color: #f9f9f9;\">\n\t            <div class=\"container page-list page-no-subtitle\">\n\n\n\t                \n\t                    \n\t                    \t                        <div class=\"page-node section-content\" style=\"\">\n\t                            <div class=\"post-inner\">\n\t                                <p style=\"text-align: center;\"><em>Anda pl\u00e1cidamente entre el ruido y la prisa y recuerda que paz puede haber en el silencio. <\/em><\/p>\n<p style=\"text-align: center;\"><em>Vive en buenos t\u00e9rminos con todas las personas, todo lo que puedas sin rendirte. <\/em><\/p>\n<p style=\"text-align: center;\"><em>Evita las personas ruidosas y agresivas, sin vejaciones al esp\u00edritu. <\/em><\/p>\n<p style=\"text-align: center;\"><em>Di tu verdad tranquila y claramente; escucha a los dem\u00e1s, incluso al aburrido y al ignorante; ellos tambi\u00e9n tienen su historia.<\/em><\/p>\n<p style=\"text-align: center;\"><em>Si te comparas con otros, puedes volverte vanidoso y amargo; porque siempre habr\u00e1 personas m\u00e1s grandes y m\u00e1s peque\u00f1as que t\u00fa.<\/em><\/p>\n<p style=\"text-align: center;\"><em>Disfruta de tus logros as\u00ed como de tus planes.<br \/>\n<\/em><\/p>\n<p style=\"text-align: center;\"><a href=\"?page_id=156\"><img loading=\"lazy\" class=\"aligncenter wp-image-159\" src=\"http:\/\/saraswatiyoga.es\/wp-content\/uploads\/2015\/04\/leermaspng.png\" alt=\"leermaspng\" width=\"113\" height=\"37\" \/><\/a><\/p>\n\t                            <\/div>\n\t                        <\/div>\n\t                    \n\t                \n\n\t                            \n\n\n\t                \t                \n\n\t\t\t\t\t\t\t                \t                \t            <\/div>\n\t        <\/div>\n\n\n\t        \n\n\t\t\r\n    <div class=\"so-panel widget widget_maskitto_services widget_maskitto_services\" id=\"panel-19-0-0-2\"><div style=\"background-color:#edf9f6;\" class=\"panel-widget-style\" >        <div class=\"page-section page-section-services\">\r\n            <div class=\"container\">\r\n\r\n                \r\n                <div class=\"row services-list services-list-no-border\">\r\n                                            <div class=\"col-md-4 text-center service-item\">\r\n\r\n                            \r\n                                <div class=\"service-column-left\">\r\n                                    <div class=\"service-line\"><\/div>\r\n                                    <div class=\"service-icon\">\r\n                                        <i class=\"fa fa-comments\"><\/i>\r\n                                    <\/div>\r\n                                    <div class=\"service-line-bottom\"><\/div>\r\n                                <\/div>\r\n                                <div class=\"service-column-right\">\r\n                                    <h5>Yoga<\/h5>\r\n                                    <p>Un Yoga adaptado al modo de vida occidental adaptado a la edad y capacidad de cada alumno, para combatir, prevenir y eliminar muchos de los problemas y dolencias que acosan al hombre moderno, Ansiedad, estr\u00e9s, depresi\u00f3n, problemas de espalda,etc.<\/p>\n                                                                    <\/div>\r\n\r\n                            \r\n                        <\/div>\r\n\r\n\r\n                        \r\n                                            <div class=\"col-md-4 text-center service-item\">\r\n\r\n                            \r\n                                <div class=\"service-column-left\">\r\n                                    <div class=\"service-line\"><\/div>\r\n                                    <div class=\"service-icon\">\r\n                                        <i class=\"fa fa-desktop\"><\/i>\r\n                                    <\/div>\r\n                                    <div class=\"service-line-bottom\"><\/div>\r\n                                <\/div>\r\n                                <div class=\"service-column-right\">\r\n                                    <h5>Pilates<\/h5>\r\n                                    <p>Como m\u00e9todo de acondicionamiento f\u00edsico, que trabaja conjuntamente: Respiraci\u00f3n, tonificaci\u00f3n de la musculatura profunda, perfecci\u00f3n postural, elongaci\u00f3n axial. Se usan los m\u00fasculos peque\u00f1os, no ligamentos, articulaciones o v\u00e9rtebras, sino los m\u00fasculos que nos dan estabilidad, postura y centro.<\/p>\n                                                                    <\/div>\r\n\r\n                            \r\n                        <\/div>\r\n\r\n\r\n                        \r\n                                            <div class=\"col-md-4 text-center service-item\">\r\n\r\n                            \r\n                                <div class=\"service-column-left\">\r\n                                    <div class=\"service-line\"><\/div>\r\n                                    <div class=\"service-icon\">\r\n                                        <i class=\"fa fa-gear\"><\/i>\r\n                                    <\/div>\r\n                                    <div class=\"service-line-bottom\"><\/div>\r\n                                <\/div>\r\n                                <div class=\"service-column-right\">\r\n                                    <h5>Yoga embarazadas<\/h5>\r\n                                    <p>Para las mujeres embarazadas, los  beneficios f\u00edsicos del yoga aportan una mayor fuerza y  tono muscular,mejora la postura y equilibrio;adem\u00e1s de dotar de flexibilidad a todo el sistema muscular. Un buen control de la respiraci\u00f3n,ayudar\u00e1 enormemente durante el proceso del parto.<\/p>\n                                                                    <\/div>\r\n\r\n                            \r\n                        <\/div>\r\n\r\n\r\n                        \r\n                                    <\/div>\r\n            <\/div>\r\n        <\/div>\r\n    <\/div><\/div>\r\n    \r\n    <div class=\"so-panel widget widget_maskitto_projects widget_maskitto_projects\" id=\"panel-19-0-0-3\">                    <div class=\"page-section\" style=\"padding-bottom: 0;\">\r\n                <div class=\"container page-no-subtitle\">\r\n                                            <div class=\"row projects-list\">\r\n                            <div class=\"section-title text-center\">\r\n                                <h3>Galer\u00eda de Im\u00e1genes<\/h3>\r\n                                                                <div class=\"section-title-line\"><\/div>\r\n                            <\/div>\r\n                        <\/div>\r\n                    \r\n                                    <\/div>\r\n            <\/div>\r\n                <div class=\"page-section\" style=\"padding: 0;\">\r\n\r\n        \r\n            <div role=\"tabpanel\" class=\"portfolio-white-space\">\r\n                <div class=\"tab-content\">\r\n                    <div role=\"tabpanel\" class=\"tab-pane fade in active\" id=\"all29358\">\r\n                        <div class=\"row portfolio-list\">\r\n                                <a href=\"http:\/\/saraswatiyoga.es\/?page_id=368\" alt=\"CLASES Y TALLERES YOGA\" class=\"col-md-3 col-sm-6 portfolio-item\">\n        <div class=\"portfolio-thumb\" style=\"background-image: url(https:\/\/saraswatiyoga.es\/wp-content\/uploads\/2015\/09\/clases1.jpg);\"><\/div>\n        <div class=\"portfolio-details\">\n            <div class=\"portfolio-details-align\">\n                <div class=\"portfolio-title\">CLASES Y TALLERES YOGA<\/div>\n                                    <div class=\"portfolio-info\">Fotos de Clases y Talleres<\/div>\n                                            <\/div>\n        <\/div>\n    <\/a>\n        <a href=\"https:\/\/saraswatiyoga.es\/?page_id=317\" alt=\"CLASES AEROYOGA\" class=\"col-md-3 col-sm-6 portfolio-item\">\n        <div class=\"portfolio-thumb\" style=\"background-image: url(https:\/\/saraswatiyoga.es\/wp-content\/uploads\/2015\/09\/aeroyoga-saraswati2.jpg);\"><\/div>\n        <div class=\"portfolio-details\">\n            <div class=\"portfolio-details-align\">\n                <div class=\"portfolio-title\">CLASES AEROYOGA<\/div>\n                                    <div class=\"portfolio-info\">Fotos de Aeroyoga<\/div>\n                                            <\/div>\n        <\/div>\n    <\/a>\n        <a href=\"http:\/\/saraswatiyoga.es\/?page_id=357\" alt=\"VIAJE A LA INDIA\" class=\"col-md-3 col-sm-6 portfolio-item\">\n        <div class=\"portfolio-thumb\" style=\"background-image: url(http:\/\/saraswatiyoga.es\/wp-content\/uploads\/2015\/09\/filosofia3.jpg);\"><\/div>\n        <div class=\"portfolio-details\">\n            <div class=\"portfolio-details-align\">\n                <div class=\"portfolio-title\">VIAJE A LA INDIA<\/div>\n                                    <div class=\"portfolio-info\">Fotos de la India<\/div>\n                                            <\/div>\n        <\/div>\n    <\/a>\n        <a href=\"http:\/\/saraswatiyoga.es\/?page_id=284\" alt=\"ESCUELA SARASWATI\" class=\"col-md-3 col-sm-6 portfolio-item\">\n        <div class=\"portfolio-thumb\" style=\"background-image: url(https:\/\/saraswatiyoga.es\/wp-content\/uploads\/2015\/04\/escuela-saraswati1.jpg);\"><\/div>\n        <div class=\"portfolio-details\">\n            <div class=\"portfolio-details-align\">\n                <div class=\"portfolio-title\">ESCUELA SARASWATI<\/div>\n                                    <div class=\"portfolio-info\">Fotos Escuela de Yoga<\/div>\n                                            <\/div>\n        <\/div>\n    <\/a>\n                            <\/div>\r\n                    <\/div>\r\n\r\n                                    <\/div>\r\n            <\/div>\r\n\r\n        <\/div>\r\n    <\/div>    \t        <div id=\"page-id-77\" class=\"page-section\" style=\"padding: 35px 0;background-color: #0a08a9;\">\n\t            <div class=\"container page-list page-no-subtitle\">\n\n\n\t                \n\t                    <h4 class=\"page-node text-center\" style=\"color: #ffffff;\">\n\t                        Clicke sobre las imagen para ver las instalaciones\t                        \t                    <\/h4>\n\t                    \n\t                \n\n\t                            \n\n\n\t                \t                \n\n\t\t\t\t\t\t\t                \t                \t            <\/div>\n\t        <\/div>\n\n\n\t        \n\n\t\t\r\n        <div class=\"page-section page-blog\" style=\"background-color: #f2f4f5; padding: 70px 0!important;\">\r\n            <div class=\"container\" style=\"max-width: 980px;\">\r\n\r\n                <div class=\"section-title text-center\">\r\n                                            <h3>Novedades Escuela Saraswati Yoga<\/h3>\r\n                                                                <div class=\"subtitle\"><p>Novedades de la escuela<\/p><\/div>\r\n                                                                <div class=\"section-title-line\"><\/div>\r\n                                    <\/div>\r\n\r\n                <div class=\"row blog-list\">\r\n                                            \n\n    \n    <article id=\"post-505\" class=\"col-md-4 blog-item blog-layout-2 post-505 post type-post status-publish format-standard has-post-thumbnail hentry category-cursos\" >\n        <div class=\"blog-item-container\">\n\n                            <div class=\"blog-media\">\n                    <a href=\"https:\/\/saraswatiyoga.es\/?p=505\" class=\"blog-media-thumbnail\">\n                        <img width=\"956\" height=\"1358\" src=\"https:\/\/saraswatiyoga.es\/wp-content\/uploads\/2018\/11\/aeroyoga-saraswati-anuncio.jpg\" class=\"attachment-post-thumbnail size-post-thumbnail wp-post-image\" alt=\"\" loading=\"lazy\" srcset=\"https:\/\/saraswatiyoga.es\/wp-content\/uploads\/2018\/11\/aeroyoga-saraswati-anuncio.jpg 956w, https:\/\/saraswatiyoga.es\/wp-content\/uploads\/2018\/11\/aeroyoga-saraswati-anuncio-211x300.jpg 211w, https:\/\/saraswatiyoga.es\/wp-content\/uploads\/2018\/11\/aeroyoga-saraswati-anuncio-721x1024.jpg 721w\" sizes=\"(max-width: 956px) 100vw, 956px\" \/>                    <\/a>\n\n                                            <a href=\"https:\/\/saraswatiyoga.es\/?cat=12\" class=\"blog-category\">Cursos<\/a>\n                                    <\/div>\n            \n            <div class=\"blog-top\">\n                <a href=\"https:\/\/saraswatiyoga.es\/?p=505\" class=\"blog-title\">\n                    Aeroyoga en Saraswati                                    <\/a>\n                <div class=\"blog-details\">\n                    <span style=\"padding-right: 6px;\">26 noviembre, 2018<\/span>\n                    <span class=\"post-author-name\"><\/span>\n                <\/div>\n            <\/div>\n\n            <div class=\"blog-bottom\">\n                <div class=\"blog-content\">\n                                    <\/div>\n                <div class=\"row\">\n                    <div class=\"col-md-6\">\n                        <a href=\"https:\/\/saraswatiyoga.es\/?p=505\" class=\"blog-more\">\n                            Leer mas                            <i class=\"fa fa-angle-right\" style=\"padding-left: 5px;\"><\/i>\n                        <\/a>\n                    <\/div>\n                    <div class=\"col-md-6 text-right blog-comments-count\">\n                        \n                    <\/div>\n                <\/div>\n            <\/div>\n\n        <\/div>\n    <\/article>\n\n                                            \n\n    \n    <article id=\"post-510\" class=\"col-md-4 blog-item blog-layout-2 post-510 post type-post status-publish format-standard has-post-thumbnail hentry category-curiosidades\" >\n        <div class=\"blog-item-container\">\n\n                            <div class=\"blog-media\">\n                    <a href=\"https:\/\/saraswatiyoga.es\/?p=510\" class=\"blog-media-thumbnail\">\n                        <img width=\"956\" height=\"1358\" src=\"https:\/\/saraswatiyoga.es\/wp-content\/uploads\/2018\/11\/historias-yoguicas.jpg\" class=\"attachment-post-thumbnail size-post-thumbnail wp-post-image\" alt=\"\" loading=\"lazy\" srcset=\"https:\/\/saraswatiyoga.es\/wp-content\/uploads\/2018\/11\/historias-yoguicas.jpg 956w, https:\/\/saraswatiyoga.es\/wp-content\/uploads\/2018\/11\/historias-yoguicas-211x300.jpg 211w, https:\/\/saraswatiyoga.es\/wp-content\/uploads\/2018\/11\/historias-yoguicas-721x1024.jpg 721w\" sizes=\"(max-width: 956px) 100vw, 956px\" \/>                    <\/a>\n\n                                            <a href=\"https:\/\/saraswatiyoga.es\/?cat=25\" class=\"blog-category\">Curiosidades<\/a>\n                                    <\/div>\n            \n            <div class=\"blog-top\">\n                <a href=\"https:\/\/saraswatiyoga.es\/?p=510\" class=\"blog-title\">\n                    Historias Yoguicas                                    <\/a>\n                <div class=\"blog-details\">\n                    <span style=\"padding-right: 6px;\">2 noviembre, 2018<\/span>\n                    <span class=\"post-author-name\"><\/span>\n                <\/div>\n            <\/div>\n\n            <div class=\"blog-bottom\">\n                <div class=\"blog-content\">\n                                    <\/div>\n                <div class=\"row\">\n                    <div class=\"col-md-6\">\n                        <a href=\"https:\/\/saraswatiyoga.es\/?p=510\" class=\"blog-more\">\n                            Leer mas                            <i class=\"fa fa-angle-right\" style=\"padding-left: 5px;\"><\/i>\n                        <\/a>\n                    <\/div>\n                    <div class=\"col-md-6 text-right blog-comments-count\">\n                        \n                    <\/div>\n                <\/div>\n            <\/div>\n\n        <\/div>\n    <\/article>\n\n                                            \n\n    \n    <article id=\"post-400\" class=\"col-md-4 blog-item blog-layout-2 post-400 post type-post status-publish format-standard has-post-thumbnail hentry category-noticias\" >\n        <div class=\"blog-item-container\">\n\n                            <div class=\"blog-media\">\n                    <a href=\"https:\/\/saraswatiyoga.es\/?p=400\" class=\"blog-media-thumbnail\">\n                        <img width=\"1000\" height=\"706\" src=\"https:\/\/saraswatiyoga.es\/wp-content\/uploads\/2018\/08\/horarios-saraswatiyoga-2019.jpg\" class=\"attachment-post-thumbnail size-post-thumbnail wp-post-image\" alt=\"\" loading=\"lazy\" srcset=\"https:\/\/saraswatiyoga.es\/wp-content\/uploads\/2018\/08\/horarios-saraswatiyoga-2019.jpg 1000w, https:\/\/saraswatiyoga.es\/wp-content\/uploads\/2018\/08\/horarios-saraswatiyoga-2019-300x212.jpg 300w\" sizes=\"(max-width: 1000px) 100vw, 1000px\" \/>                    <\/a>\n\n                                            <a href=\"https:\/\/saraswatiyoga.es\/?cat=11\" class=\"blog-category\">Noticias<\/a>\n                                    <\/div>\n            \n            <div class=\"blog-top\">\n                <a href=\"https:\/\/saraswatiyoga.es\/?p=400\" class=\"blog-title\">\n                    Nuevos horarios 2018-2019                                    <\/a>\n                <div class=\"blog-details\">\n                    <span style=\"padding-right: 6px;\">28 octubre, 2018<\/span>\n                    <span class=\"post-author-name\"><\/span>\n                <\/div>\n            <\/div>\n\n            <div class=\"blog-bottom\">\n                <div class=\"blog-content\">\n                    <p>Les informamos que ya est\u00e1n publicados los nuevos horarios de nuestras actividades y que pueden ser consultados clickando aqu\u00ed<\/p>\n                <\/div>\n                <div class=\"row\">\n                    <div class=\"col-md-6\">\n                        <a href=\"https:\/\/saraswatiyoga.es\/?p=400\" class=\"blog-more\">\n                            Leer mas                            <i class=\"fa fa-angle-right\" style=\"padding-left: 5px;\"><\/i>\n                        <\/a>\n                    <\/div>\n                    <div class=\"col-md-6 text-right blog-comments-count\">\n                        \n                    <\/div>\n                <\/div>\n            <\/div>\n\n        <\/div>\n    <\/article>\n\n                                    <\/div>\r\n\r\n                \r\n            <\/div>\r\n        <\/div>\r\n\r\n    <div class=\"so-panel widget widget_text widget_text panel-last-child\" id=\"panel-19-0-0-6\">\t\t\t<div class=\"textwidget\"><iframe src=\"https:\/\/www.google.com\/maps\/embed?pb=!1m18!1m12!1m3!1d2900.3576164775454!2d-8.40538648451143!3d43.36954597913205!2m3!1f0!2f0!3f0!3m2!1i1024!2i768!4f13.1!3m3!1m2!1s0xd2e7c7c35241b05%3A0x7a1d1c66221c6500!2zUsO6YSBOb3ZhLCAyNSwgMTUwMDMgQSBDb3J1w7Fh!5e0!3m2!1ses!2ses!4v1539250987066\" width=\"100%\" frameborder=\"0\" style=\"border:0\" allowfullscreen><\/iframe><\/div>\n\t\t<\/div><\/div><\/div><\/div>","protected":false},"excerpt":{"rendered":"<p>edit Escuela de Yoga Saraswati Su escuela de Yoga y Pilates en Coru\u00f1a CON\u00d3CENOS ACTIVIDADES edit Clases de Pilates Clases de Pilates en varios niveles VER HORARIOS edit Clases de Yoga Clases de Yoga y Yoga Embarazadas VER HORARIOS Nuestra Filosof\u00eda edit Anda pl\u00e1cidamente entre el ruido y la prisa y recuerda que paz puede [&hellip;]<\/p>\n","protected":false},"author":1,"featured_media":0,"parent":0,"menu_order":0,"comment_status":"open","ping_status":"open","template":"template-home.php","meta":[],"_links":{"self":[{"href":"https:\/\/saraswatiyoga.es\/index.php?rest_route=\/wp\/v2\/pages\/19"}],"collection":[{"href":"https:\/\/saraswatiyoga.es\/index.php?rest_route=\/wp\/v2\/pages"}],"about":[{"href":"https:\/\/saraswatiyoga.es\/index.php?rest_route=\/wp\/v2\/types\/page"}],"author":[{"embeddable":true,"href":"https:\/\/saraswatiyoga.es\/index.php?rest_route=\/wp\/v2\/users\/1"}],"replies":[{"embeddable":true,"href":"https:\/\/saraswatiyoga.es\/index.php?rest_route=%2Fwp%2Fv2%2Fcomments&post=19"}],"version-history":[{"count":11,"href":"https:\/\/saraswatiyoga.es\/index.php?rest_route=\/wp\/v2\/pages\/19\/revisions"}],"predecessor-version":[{"id":432,"href":"https:\/\/saraswatiyoga.es\/index.php?rest_route=\/wp\/v2\/pages\/19\/revisions\/432"}],"wp:attachment":[{"href":"https:\/\/saraswatiyoga.es\/index.php?rest_route=%2Fwp%2Fv2%2Fmedia&parent=19"}],"curies":[{"name":"wp","href":"https:\/\/api.w.org\/{rel}","templated":true}]}}