{"id":156,"date":"2015-09-14T11:18:47","date_gmt":"2015-09-14T11:18:47","guid":{"rendered":"http:\/\/saraswatiyoga.es\/?page_id=156"},"modified":"2015-09-22T08:48:21","modified_gmt":"2015-09-22T08:48:21","slug":"que-es-el-yoga","status":"publish","type":"page","link":"https:\/\/saraswatiyoga.es\/?page_id=156","title":{"rendered":""},"content":{"rendered":"<p><a href=\"http:\/\/saraswatiyoga.es\/wp-content\/uploads\/2015\/09\/tagmajall.jpg\"><img loading=\"lazy\" class=\"alignnone wp-image-385 size-full\" src=\"http:\/\/saraswatiyoga.es\/wp-content\/uploads\/2015\/09\/tagmajall.jpg\" alt=\"\" width=\"1000\" height=\"350\" srcset=\"https:\/\/saraswatiyoga.es\/wp-content\/uploads\/2015\/09\/tagmajall.jpg 1000w, https:\/\/saraswatiyoga.es\/wp-content\/uploads\/2015\/09\/tagmajall-300x105.jpg 300w\" sizes=\"(max-width: 1000px) 100vw, 1000px\" \/><\/a><\/p>\n<p style=\"text-align: center;\"><em>Anda pl\u00e1cidamente entre el ruido y la prisa y recuerda que paz puede haber en el silencio. <\/em><\/p>\n<p style=\"text-align: center;\"><em>Vive en buenos t\u00e9rminos con todas las personas, todo lo que puedas sin rendirte. <\/em><\/p>\n<p style=\"text-align: center;\"><em>Evita las personas ruidosas y agresivas, sin vejaciones al esp\u00edritu. <\/em><\/p>\n<p style=\"text-align: center;\"><em>Di tu verdad tranquila y claramente; escucha a los dem\u00e1s, incluso al aburrido y al ignorante; ellos tambi\u00e9n tienen su historia.<\/em><\/p>\n<p style=\"text-align: center;\"><em>Si te comparas con otros, puedes volverte vanidoso y amargo; porque siempre habr\u00e1 personas m\u00e1s grandes y m\u00e1s peque\u00f1as que t\u00fa.<\/em><\/p>\n<p style=\"text-align: center;\"><em>Disfruta de tus logros as\u00ed como de tus planes.<br \/>\n<\/em><\/p>\n<p style=\"text-align: center;\"><em><br \/>\nMant\u00e9n el inter\u00e9s en tu propia carrera, aunque sea humilde; es una verdadera posesi\u00f3n en las cambiantes fortunas del tiempo.<br \/>\n<\/em><\/p>\n<p style=\"text-align: center;\"><em><br \/>\nUsa la precauci\u00f3n en tus negocios; porque el mundo est\u00e1 lleno de trampas. Pero no por ello te ciegues a la virtud que pueda existir; mucha gente lucha por altos ideales y en todas partes la vida est\u00e1 llena de hero\u00edsmo.S\u00e9 tu mismo. Especialmente no finjas afectos.<br \/>\n<\/em><\/p>\n<p style=\"text-align: center;\"><em><br \/>\nTampoco seas c\u00ednico respecto del amor; porque frente a toda aridez y desencanto, el amor es perenne como la hierba.<br \/>\n<\/em><\/p>\n<p style=\"text-align: center;\"><em><br \/>\nRecoge mansamente el consejo de los a\u00f1os, renunciando graciosamente a las cosas de la juventud.<br \/>\n<\/em><\/p>\n<p style=\"text-align: center;\"><em><br \/>\nNutre tu fuerza espiritual para que te proteja en la desgracia repentina. Pero no te angusties con fantas\u00edas. Muchos temores nacen de la fatiga y la soledad.<br \/>\n<\/em><\/p>\n<p style=\"text-align: center;\"><em><br \/>\nJunto con una sana disciplina s\u00e9 amable contigo mismo.<br \/>\nT\u00fa eres una criatura del Universo, no menos que los \u00e1rboles y las estrellas; t\u00fa tienes derecho a estar aqu\u00ed.<br \/>\n<\/em><\/p>\n<p style=\"text-align: center;\"><em><br \/>\nY te resulte evidente o no, sin duda el Universo se desenvuelve como debe.<br \/>\nPor lo tanto mantente en paz con Dios, de cualquier modo que lo concibas y cualquiera sean tus trabajos y aspiraciones, mant\u00e9n en la ruidosa confusi\u00f3n, paz con tu alma.<br \/>\n<\/em><\/p>\n<p style=\"text-align: center;\"><em><br \/>\nCon todas sus farsas, trabajos y sue\u00f1os rotos, \u00e9ste sigue siendo un mundo hermoso.<br \/>\nTen cuidado, esfu\u00e9rzate en ser feliz.<br \/>\n<\/em><\/p>\n<p style=\"text-align: center;\">(Saint Paul, Baltimore, 1963)<\/p>\n","protected":false},"excerpt":{"rendered":"<p>Anda pl\u00e1cidamente entre el ruido y la prisa y recuerda que paz puede haber en el silencio. Vive en buenos t\u00e9rminos con todas las personas, todo lo que puedas sin rendirte. Evita las personas ruidosas y agresivas, sin vejaciones al esp\u00edritu. Di tu verdad tranquila y claramente; escucha a los dem\u00e1s, incluso al aburrido y [&hellip;]<\/p>\n","protected":false},"author":1,"featured_media":0,"parent":0,"menu_order":0,"comment_status":"closed","ping_status":"closed","template":"","meta":[],"_links":{"self":[{"href":"https:\/\/saraswatiyoga.es\/index.php?rest_route=\/wp\/v2\/pages\/156"}],"collection":[{"href":"https:\/\/saraswatiyoga.es\/index.php?rest_route=\/wp\/v2\/pages"}],"about":[{"href":"https:\/\/saraswatiyoga.es\/index.php?rest_route=\/wp\/v2\/types\/page"}],"author":[{"embeddable":true,"href":"https:\/\/saraswatiyoga.es\/index.php?rest_route=\/wp\/v2\/users\/1"}],"replies":[{"embeddable":true,"href":"https:\/\/saraswatiyoga.es\/index.php?rest_route=%2Fwp%2Fv2%2Fcomments&post=156"}],"version-history":[{"count":5,"href":"https:\/\/saraswatiyoga.es\/index.php?rest_route=\/wp\/v2\/pages\/156\/revisions"}],"predecessor-version":[{"id":386,"href":"https:\/\/saraswatiyoga.es\/index.php?rest_route=\/wp\/v2\/pages\/156\/revisions\/386"}],"wp:attachment":[{"href":"https:\/\/saraswatiyoga.es\/index.php?rest_route=%2Fwp%2Fv2%2Fmedia&parent=156"}],"curies":[{"name":"wp","href":"https:\/\/api.w.org\/{rel}","templated":true}]}}